{"id":51,"date":"2015-02-06T14:35:14","date_gmt":"2015-02-06T12:35:14","guid":{"rendered":"http:\/\/www.xn--zimmerei-schpfer-xwb.de\/cms\/?page_id=51"},"modified":"2015-02-07T23:47:44","modified_gmt":"2015-02-07T21:47:44","slug":"service","status":"publish","type":"page","link":"http:\/\/www.xn--zimmerei-schpfer-xwb.de\/cms\/service\/","title":{"rendered":"Unser Service"},"content":{"rendered":"<table class=\" alignleft\" style=\"width: 100%;\" border=\"0\" cellspacing=\"8\" cellpadding=\"8\">\n<tbody>\n<tr>\n<td>\n<p style=\"text-align: center;\"><div id=\"metaslider-id-80\" style=\"width: 100%; margin: 0 auto;\" class=\"ml-slider-3-18-9 metaslider metaslider-flex metaslider-80 ml-slider nav-hidden\">\n    <div id=\"metaslider_container_80\">\n        <div id=\"metaslider_80\">\n            <ul aria-live=\"polite\" class=\"slides\">\n                <li style=\"display: block; width: 100%;\" class=\"slide-105 ms-image\"><img src=\"http:\/\/www.xn--zimmerei-schpfer-xwb.de\/cms\/wp-content\/uploads\/2015\/02\/zimmerei_schoepfer_slider_07-1000x350.jpg\" height=\"350\" width=\"1000\" alt=\"\" class=\"slider-80 slide-105\" \/><\/li>\n                <li style=\"display: none; width: 100%;\" class=\"slide-100 ms-image\"><img src=\"http:\/\/www.xn--zimmerei-schpfer-xwb.de\/cms\/wp-content\/uploads\/2015\/02\/zimmerei_schoepfer_slider_02-1000x350.jpg\" height=\"350\" width=\"1000\" alt=\"\" class=\"slider-80 slide-100\" \/><\/li>\n                <li style=\"display: none; width: 100%;\" class=\"slide-101 ms-image\"><img src=\"http:\/\/www.xn--zimmerei-schpfer-xwb.de\/cms\/wp-content\/uploads\/2015\/02\/zimmerei_schoepfer_slider_03-1000x350.jpg\" height=\"350\" width=\"1000\" alt=\"\" class=\"slider-80 slide-101\" \/><\/li>\n                <li style=\"display: none; width: 100%;\" class=\"slide-104 ms-image\"><img src=\"http:\/\/www.xn--zimmerei-schpfer-xwb.de\/cms\/wp-content\/uploads\/2015\/02\/zimmerei_schoepfer_slider_06-1000x350.jpg\" height=\"350\" width=\"1000\" alt=\"\" class=\"slider-80 slide-104\" \/><\/li>\n                <li style=\"display: none; width: 100%;\" class=\"slide-99 ms-image\"><img src=\"http:\/\/www.xn--zimmerei-schpfer-xwb.de\/cms\/wp-content\/uploads\/2015\/02\/zimmerei_schoepfer_slider_01_02-1000x350.jpg\" height=\"350\" width=\"1000\" alt=\"\" class=\"slider-80 slide-99\" \/><\/li>\n                <li style=\"display: none; width: 100%;\" class=\"slide-102 ms-image\"><img src=\"http:\/\/www.xn--zimmerei-schpfer-xwb.de\/cms\/wp-content\/uploads\/2015\/02\/zimmerei_schoepfer_slider_04-1000x350.jpg\" height=\"350\" width=\"1000\" alt=\"\" class=\"slider-80 slide-102\" \/><\/li>\n                <li style=\"display: none; width: 100%;\" class=\"slide-98 ms-image\"><img src=\"http:\/\/www.xn--zimmerei-schpfer-xwb.de\/cms\/wp-content\/uploads\/2015\/02\/zimmerei_schoepfer_slider_01-1000x350.jpg\" height=\"350\" width=\"1000\" alt=\"\" class=\"slider-80 slide-98\" \/><\/li>\n                <li style=\"display: none; width: 100%;\" class=\"slide-103 ms-image\"><img src=\"http:\/\/www.xn--zimmerei-schpfer-xwb.de\/cms\/wp-content\/uploads\/2015\/02\/zimmerei_schoepfer_slider_05-1000x350.jpg\" height=\"350\" width=\"1000\" alt=\"\" class=\"slider-80 slide-103\" \/><\/li>\n            <\/ul>\n        <\/div>\n        \n    <\/div>\n<\/div><\/p>\n<p>&nbsp;<\/p>\n<p><strong>Service bedeutet bei Sch\u00f6pfer &#8222;Mehrwert&#8220;!<\/strong><\/p>\n<p>Bitte w\u00e4hlen Sie ihre gew\u00fcnschte Rubrik aus:<\/p>\n<ul>\n<li class=\"menu-item-74\"><a title=\"Links\" href=\"http:\/\/www.xn--zimmerei-schpfer-xwb.de\/cms\/service\/links\/\">Links<\/a><\/li>\n<li class=\"menu-item-73\"><a title=\"Downloads\" href=\"http:\/\/www.xn--zimmerei-schpfer-xwb.de\/cms\/service\/downloads\/\">Downloads<\/a><\/li>\n<\/ul>\n<\/td>\n<\/tr>\n<\/tbody>\n<\/table>\n<p>&nbsp;<\/p>\n","protected":false},"excerpt":{"rendered":"<p>&nbsp; Service bedeutet bei Sch\u00f6pfer &#8222;Mehrwert&#8220;! Bitte w\u00e4hlen Sie ihre gew\u00fcnschte Rubrik aus: Links Downloads &nbsp;<\/p>\n","protected":false},"author":1,"featured_media":0,"parent":0,"menu_order":0,"comment_status":"closed","ping_status":"closed","template":"","meta":[],"_links":{"self":[{"href":"http:\/\/www.xn--zimmerei-schpfer-xwb.de\/cms\/wp-json\/wp\/v2\/pages\/51"}],"collection":[{"href":"http:\/\/www.xn--zimmerei-schpfer-xwb.de\/cms\/wp-json\/wp\/v2\/pages"}],"about":[{"href":"http:\/\/www.xn--zimmerei-schpfer-xwb.de\/cms\/wp-json\/wp\/v2\/types\/page"}],"author":[{"embeddable":true,"href":"http:\/\/www.xn--zimmerei-schpfer-xwb.de\/cms\/wp-json\/wp\/v2\/users\/1"}],"replies":[{"embeddable":true,"href":"http:\/\/www.xn--zimmerei-schpfer-xwb.de\/cms\/wp-json\/wp\/v2\/comments?post=51"}],"version-history":[{"count":9,"href":"http:\/\/www.xn--zimmerei-schpfer-xwb.de\/cms\/wp-json\/wp\/v2\/pages\/51\/revisions"}],"predecessor-version":[{"id":129,"href":"http:\/\/www.xn--zimmerei-schpfer-xwb.de\/cms\/wp-json\/wp\/v2\/pages\/51\/revisions\/129"}],"wp:attachment":[{"href":"http:\/\/www.xn--zimmerei-schpfer-xwb.de\/cms\/wp-json\/wp\/v2\/media?parent=51"}],"curies":[{"name":"wp","href":"https:\/\/api.w.org\/{rel}","templated":true}]}}