{"id":30,"date":"2015-02-06T14:30:07","date_gmt":"2015-02-06T12:30:07","guid":{"rendered":"http:\/\/www.xn--zimmerei-schpfer-xwb.de\/cms\/?page_id=30"},"modified":"2015-02-11T19:29:51","modified_gmt":"2015-02-11T17:29:51","slug":"dachstuehle-und-neubauten","status":"publish","type":"page","link":"http:\/\/www.xn--zimmerei-schpfer-xwb.de\/cms\/leistungen\/dachstuehle-und-neubauten\/","title":{"rendered":"Dachst\u00fchle und Neubauten"},"content":{"rendered":"<table class=\" alignleft\" style=\"width: 100%;\" border=\"0\" cellspacing=\"8\" cellpadding=\"8\">\n<tbody>\n<tr>\n<td>\n<p>Hier haben wir einige Beispiele zu unseren Arbeiten f\u00fcr Dachst\u00fchle und Neubauten f\u00fcr Sie bereitgestellt&#8230;<\/p>\n<\/td>\n<\/tr>\n<\/tbody>\n<\/table>\n<p>&nbsp;<\/p>\n\n\t\t<style type=\"text\/css\">\n\t\t\t#gallery-1 {\n\t\t\t\tmargin: auto;\n\t\t\t}\n\t\t\t#gallery-1 .gallery-item {\n\t\t\t\tfloat: left;\n\t\t\t\tmargin-top: 10px;\n\t\t\t\ttext-align: center;\n\t\t\t\twidth: 25%;\n\t\t\t}\n\t\t\t#gallery-1 img {\n\t\t\t\tborder: 2px solid #cfcfcf;\n\t\t\t}\n\t\t\t#gallery-1 .gallery-caption {\n\t\t\t\tmargin-left: 0;\n\t\t\t}\n\t\t\t\/* see gallery_shortcode() in wp-includes\/media.php *\/\n\t\t<\/style>\n\t\t<div id='gallery-1' class='gallery galleryid-30 gallery-columns-4 gallery-size-thumbnail'><dl class='gallery-item'>\n\t\t\t<dt class='gallery-icon landscape'>\n\t\t\t\t<a href='http:\/\/www.xn--zimmerei-schpfer-xwb.de\/cms\/wp-content\/uploads\/2015\/02\/zimmerei_schoepfer_dachstuehle_neubauten_01.jpg' title=\"\" data-rl_title=\"\" class=\"rl-gallery-link\" data-rl_caption=\"\" data-rel=\"lightbox-gallery-1\"><img width=\"150\" height=\"150\" src=\"http:\/\/www.xn--zimmerei-schpfer-xwb.de\/cms\/wp-content\/uploads\/2015\/02\/zimmerei_schoepfer_dachstuehle_neubauten_01-150x150.jpg\" class=\"attachment-thumbnail size-thumbnail\" alt=\"\" loading=\"lazy\" aria-describedby=\"gallery-1-149\" \/><\/a>\n\t\t\t<\/dt>\n\t\t\t\t<dd class='wp-caption-text gallery-caption' id='gallery-1-149'>\n\t\t\t\tSichtdachstuhl mit Schwalbenschwanzverbindung\n\t\t\t\t<\/dd><\/dl><dl class='gallery-item'>\n\t\t\t<dt class='gallery-icon landscape'>\n\t\t\t\t<a href='http:\/\/www.xn--zimmerei-schpfer-xwb.de\/cms\/wp-content\/uploads\/2015\/02\/zimmerei_schoepfer_dachstuehle_neubauten_02.jpg' title=\"\" data-rl_title=\"\" class=\"rl-gallery-link\" data-rl_caption=\"\" data-rel=\"lightbox-gallery-1\"><img width=\"150\" height=\"150\" src=\"http:\/\/www.xn--zimmerei-schpfer-xwb.de\/cms\/wp-content\/uploads\/2015\/02\/zimmerei_schoepfer_dachstuehle_neubauten_02-150x150.jpg\" class=\"attachment-thumbnail size-thumbnail\" alt=\"\" loading=\"lazy\" aria-describedby=\"gallery-1-150\" \/><\/a>\n\t\t\t<\/dt>\n\t\t\t\t<dd class='wp-caption-text gallery-caption' id='gallery-1-150'>\n\t\t\t\tRohbau Holzrahmenbau\n\t\t\t\t<\/dd><\/dl><dl class='gallery-item'>\n\t\t\t<dt class='gallery-icon landscape'>\n\t\t\t\t<a href='http:\/\/www.xn--zimmerei-schpfer-xwb.de\/cms\/wp-content\/uploads\/2015\/02\/zimmerei_schoepfer_dachstuehle_neubauten_03.jpg' title=\"\" data-rl_title=\"\" class=\"rl-gallery-link\" data-rl_caption=\"\" data-rel=\"lightbox-gallery-1\"><img width=\"150\" height=\"150\" src=\"http:\/\/www.xn--zimmerei-schpfer-xwb.de\/cms\/wp-content\/uploads\/2015\/02\/zimmerei_schoepfer_dachstuehle_neubauten_03-150x150.jpg\" class=\"attachment-thumbnail size-thumbnail\" alt=\"\" loading=\"lazy\" aria-describedby=\"gallery-1-151\" \/><\/a>\n\t\t\t<\/dt>\n\t\t\t\t<dd class='wp-caption-text gallery-caption' id='gallery-1-151'>\n\t\t\t\tRohbau Holzrahmenbau\n\t\t\t\t<\/dd><\/dl><dl class='gallery-item'>\n\t\t\t<dt class='gallery-icon landscape'>\n\t\t\t\t<a href='http:\/\/www.xn--zimmerei-schpfer-xwb.de\/cms\/wp-content\/uploads\/2015\/02\/zimmerei_schoepfer_dachstuehle_neubauten_04.jpg' title=\"\" data-rl_title=\"\" class=\"rl-gallery-link\" data-rl_caption=\"\" data-rel=\"lightbox-gallery-1\"><img width=\"150\" height=\"150\" src=\"http:\/\/www.xn--zimmerei-schpfer-xwb.de\/cms\/wp-content\/uploads\/2015\/02\/zimmerei_schoepfer_dachstuehle_neubauten_04-150x150.jpg\" class=\"attachment-thumbnail size-thumbnail\" alt=\"\" loading=\"lazy\" aria-describedby=\"gallery-1-152\" \/><\/a>\n\t\t\t<\/dt>\n\t\t\t\t<dd class='wp-caption-text gallery-caption' id='gallery-1-152'>\n\t\t\t\tZAK in Perlach\n\t\t\t\t<\/dd><\/dl><br style=\"clear: both\" \/><dl class='gallery-item'>\n\t\t\t<dt class='gallery-icon landscape'>\n\t\t\t\t<a href='http:\/\/www.xn--zimmerei-schpfer-xwb.de\/cms\/wp-content\/uploads\/2015\/02\/zimmerei_schoepfer_dachstuehle_neubauten_05.jpg' title=\"\" data-rl_title=\"\" class=\"rl-gallery-link\" data-rl_caption=\"\" data-rel=\"lightbox-gallery-1\"><img width=\"150\" height=\"150\" src=\"http:\/\/www.xn--zimmerei-schpfer-xwb.de\/cms\/wp-content\/uploads\/2015\/02\/zimmerei_schoepfer_dachstuehle_neubauten_05-150x150.jpg\" class=\"attachment-thumbnail size-thumbnail\" alt=\"\" loading=\"lazy\" aria-describedby=\"gallery-1-153\" \/><\/a>\n\t\t\t<\/dt>\n\t\t\t\t<dd class='wp-caption-text gallery-caption' id='gallery-1-153'>\n\t\t\t\tZAK in Perlach\n\t\t\t\t<\/dd><\/dl><dl class='gallery-item'>\n\t\t\t<dt class='gallery-icon landscape'>\n\t\t\t\t<a href='http:\/\/www.xn--zimmerei-schpfer-xwb.de\/cms\/wp-content\/uploads\/2015\/02\/zimmerei_schoepfer_dachstuehle_neubauten_06.jpg' title=\"\" data-rl_title=\"\" class=\"rl-gallery-link\" data-rl_caption=\"\" data-rel=\"lightbox-gallery-1\"><img width=\"150\" height=\"150\" src=\"http:\/\/www.xn--zimmerei-schpfer-xwb.de\/cms\/wp-content\/uploads\/2015\/02\/zimmerei_schoepfer_dachstuehle_neubauten_06-150x150.jpg\" class=\"attachment-thumbnail size-thumbnail\" alt=\"\" loading=\"lazy\" aria-describedby=\"gallery-1-155\" \/><\/a>\n\t\t\t<\/dt>\n\t\t\t\t<dd class='wp-caption-text gallery-caption' id='gallery-1-155'>\n\t\t\t\tTreffpunkt einer Wohnanlage in Perlach\n\t\t\t\t<\/dd><\/dl><dl class='gallery-item'>\n\t\t\t<dt class='gallery-icon landscape'>\n\t\t\t\t<a href='http:\/\/www.xn--zimmerei-schpfer-xwb.de\/cms\/wp-content\/uploads\/2015\/02\/zimmerei_schoepfer_dachstuehle_neubauten_07.jpg' title=\"\" data-rl_title=\"\" class=\"rl-gallery-link\" data-rl_caption=\"\" data-rel=\"lightbox-gallery-1\"><img width=\"150\" height=\"150\" src=\"http:\/\/www.xn--zimmerei-schpfer-xwb.de\/cms\/wp-content\/uploads\/2015\/02\/zimmerei_schoepfer_dachstuehle_neubauten_07-150x150.jpg\" class=\"attachment-thumbnail size-thumbnail\" alt=\"\" loading=\"lazy\" \/><\/a>\n\t\t\t<\/dt><\/dl><dl class='gallery-item'>\n\t\t\t<dt class='gallery-icon landscape'>\n\t\t\t\t<a href='http:\/\/www.xn--zimmerei-schpfer-xwb.de\/cms\/wp-content\/uploads\/2015\/02\/zimmerei_schoepfer_dachstuehle_neubauten_08.jpg' title=\"\" data-rl_title=\"\" class=\"rl-gallery-link\" data-rl_caption=\"\" data-rel=\"lightbox-gallery-1\"><img width=\"150\" height=\"150\" src=\"http:\/\/www.xn--zimmerei-schpfer-xwb.de\/cms\/wp-content\/uploads\/2015\/02\/zimmerei_schoepfer_dachstuehle_neubauten_08-150x150.jpg\" class=\"attachment-thumbnail size-thumbnail\" alt=\"\" loading=\"lazy\" \/><\/a>\n\t\t\t<\/dt><\/dl><br style=\"clear: both\" \/><dl class='gallery-item'>\n\t\t\t<dt class='gallery-icon landscape'>\n\t\t\t\t<a href='http:\/\/www.xn--zimmerei-schpfer-xwb.de\/cms\/wp-content\/uploads\/2015\/02\/zimmerei_schoepfer_dachstuehle_neubauten_09.jpg' title=\"\" data-rl_title=\"\" class=\"rl-gallery-link\" data-rl_caption=\"\" data-rel=\"lightbox-gallery-1\"><img width=\"150\" height=\"150\" src=\"http:\/\/www.xn--zimmerei-schpfer-xwb.de\/cms\/wp-content\/uploads\/2015\/02\/zimmerei_schoepfer_dachstuehle_neubauten_09-150x150.jpg\" class=\"attachment-thumbnail size-thumbnail\" alt=\"\" loading=\"lazy\" \/><\/a>\n\t\t\t<\/dt><\/dl>\n\t\t\t<br style='clear: both' \/>\n\t\t<\/div>\n\n","protected":false},"excerpt":{"rendered":"<p>Hier haben wir einige Beispiele zu unseren Arbeiten f\u00fcr Dachst\u00fchle und Neubauten f\u00fcr Sie bereitgestellt&#8230; &nbsp;<\/p>\n","protected":false},"author":1,"featured_media":0,"parent":25,"menu_order":0,"comment_status":"closed","ping_status":"closed","template":"","meta":[],"_links":{"self":[{"href":"http:\/\/www.xn--zimmerei-schpfer-xwb.de\/cms\/wp-json\/wp\/v2\/pages\/30"}],"collection":[{"href":"http:\/\/www.xn--zimmerei-schpfer-xwb.de\/cms\/wp-json\/wp\/v2\/pages"}],"about":[{"href":"http:\/\/www.xn--zimmerei-schpfer-xwb.de\/cms\/wp-json\/wp\/v2\/types\/page"}],"author":[{"embeddable":true,"href":"http:\/\/www.xn--zimmerei-schpfer-xwb.de\/cms\/wp-json\/wp\/v2\/users\/1"}],"replies":[{"embeddable":true,"href":"http:\/\/www.xn--zimmerei-schpfer-xwb.de\/cms\/wp-json\/wp\/v2\/comments?post=30"}],"version-history":[{"count":7,"href":"http:\/\/www.xn--zimmerei-schpfer-xwb.de\/cms\/wp-json\/wp\/v2\/pages\/30\/revisions"}],"predecessor-version":[{"id":192,"href":"http:\/\/www.xn--zimmerei-schpfer-xwb.de\/cms\/wp-json\/wp\/v2\/pages\/30\/revisions\/192"}],"up":[{"embeddable":true,"href":"http:\/\/www.xn--zimmerei-schpfer-xwb.de\/cms\/wp-json\/wp\/v2\/pages\/25"}],"wp:attachment":[{"href":"http:\/\/www.xn--zimmerei-schpfer-xwb.de\/cms\/wp-json\/wp\/v2\/media?parent=30"}],"curies":[{"name":"wp","href":"https:\/\/api.w.org\/{rel}","templated":true}]}}