{"id":25,"date":"2015-02-06T14:29:08","date_gmt":"2015-02-06T12:29:08","guid":{"rendered":"http:\/\/www.xn--zimmerei-schpfer-xwb.de\/cms\/?page_id=25"},"modified":"2015-07-21T17:02:24","modified_gmt":"2015-07-21T15:02:24","slug":"leistungen","status":"publish","type":"page","link":"http:\/\/www.xn--zimmerei-schpfer-xwb.de\/cms\/leistungen\/","title":{"rendered":"Leistungen"},"content":{"rendered":"<table class=\" alignleft\" style=\"width: 100%;\" title=\"Dachsanierungen\" border=\"0\" cellspacing=\"8\" cellpadding=\"8\">\n<tbody>\n<tr>\n<td>\n<p style=\"text-align: center;\"><div id=\"metaslider-id-80\" style=\"width: 100%; margin: 0 auto;\" class=\"ml-slider-3-18-9 metaslider metaslider-flex metaslider-80 ml-slider nav-hidden\">\n    <div id=\"metaslider_container_80\">\n        <div id=\"metaslider_80\">\n            <ul aria-live=\"polite\" class=\"slides\">\n                <li style=\"display: block; width: 100%;\" class=\"slide-99 ms-image\"><img src=\"http:\/\/www.xn--zimmerei-schpfer-xwb.de\/cms\/wp-content\/uploads\/2015\/02\/zimmerei_schoepfer_slider_01_02-1000x350.jpg\" height=\"350\" width=\"1000\" alt=\"\" class=\"slider-80 slide-99\" \/><\/li>\n                <li style=\"display: none; width: 100%;\" class=\"slide-101 ms-image\"><img src=\"http:\/\/www.xn--zimmerei-schpfer-xwb.de\/cms\/wp-content\/uploads\/2015\/02\/zimmerei_schoepfer_slider_03-1000x350.jpg\" height=\"350\" width=\"1000\" alt=\"\" class=\"slider-80 slide-101\" \/><\/li>\n                <li style=\"display: none; width: 100%;\" class=\"slide-98 ms-image\"><img src=\"http:\/\/www.xn--zimmerei-schpfer-xwb.de\/cms\/wp-content\/uploads\/2015\/02\/zimmerei_schoepfer_slider_01-1000x350.jpg\" height=\"350\" width=\"1000\" alt=\"\" class=\"slider-80 slide-98\" \/><\/li>\n                <li style=\"display: none; width: 100%;\" class=\"slide-103 ms-image\"><img src=\"http:\/\/www.xn--zimmerei-schpfer-xwb.de\/cms\/wp-content\/uploads\/2015\/02\/zimmerei_schoepfer_slider_05-1000x350.jpg\" height=\"350\" width=\"1000\" alt=\"\" class=\"slider-80 slide-103\" \/><\/li>\n                <li style=\"display: none; width: 100%;\" class=\"slide-105 ms-image\"><img src=\"http:\/\/www.xn--zimmerei-schpfer-xwb.de\/cms\/wp-content\/uploads\/2015\/02\/zimmerei_schoepfer_slider_07-1000x350.jpg\" height=\"350\" width=\"1000\" alt=\"\" class=\"slider-80 slide-105\" \/><\/li>\n                <li style=\"display: none; width: 100%;\" class=\"slide-102 ms-image\"><img src=\"http:\/\/www.xn--zimmerei-schpfer-xwb.de\/cms\/wp-content\/uploads\/2015\/02\/zimmerei_schoepfer_slider_04-1000x350.jpg\" height=\"350\" width=\"1000\" alt=\"\" class=\"slider-80 slide-102\" \/><\/li>\n                <li style=\"display: none; width: 100%;\" class=\"slide-104 ms-image\"><img src=\"http:\/\/www.xn--zimmerei-schpfer-xwb.de\/cms\/wp-content\/uploads\/2015\/02\/zimmerei_schoepfer_slider_06-1000x350.jpg\" height=\"350\" width=\"1000\" alt=\"\" class=\"slider-80 slide-104\" \/><\/li>\n                <li style=\"display: none; width: 100%;\" class=\"slide-100 ms-image\"><img src=\"http:\/\/www.xn--zimmerei-schpfer-xwb.de\/cms\/wp-content\/uploads\/2015\/02\/zimmerei_schoepfer_slider_02-1000x350.jpg\" height=\"350\" width=\"1000\" alt=\"\" class=\"slider-80 slide-100\" \/><\/li>\n            <\/ul>\n        <\/div>\n        \n    <\/div>\n<\/div>\u00a0<\/p>\n<p>&nbsp;<\/p>\n<p>W\u00e4hlen Sie bitte aus unseren nachfoglenden Leistungsangeboten, Ihre gew\u00fcnschte Rubrik aus:<\/p>\n<ul>\n<li class=\"menu-item-64\"><a title=\"Dachsanierungen\" href=\"http:\/\/www.xn--zimmerei-schpfer-xwb.de\/cms\/leistungen\/dachsanierungen\/\">Dachsanierungen<\/a><\/li>\n<li class=\"menu-item-65\"><a title=\"Dachst\u00fchle und Neubauten\" href=\"http:\/\/www.xn--zimmerei-schpfer-xwb.de\/cms\/leistungen\/dachstuehle-und-neubauten\/\">Dachst\u00fchle und Neubauten<\/a><\/li>\n<li class=\"menu-item-68\"><a title=\"Landwirtschaftliche Geb\u00e4ude\" href=\"http:\/\/www.xn--zimmerei-schpfer-xwb.de\/cms\/leistungen\/landwirtschaftliche-gebaeude\/\">Landwirtschaftliche Geb\u00e4ude<\/a><\/li>\n<li class=\"menu-item-63\"><a title=\"Carports\" href=\"http:\/\/www.xn--zimmerei-schpfer-xwb.de\/cms\/leistungen\/carports\/\">Carports<\/a><\/li>\n<li class=\"menu-item-62\"><a title=\"Balkone\" href=\"http:\/\/www.xn--zimmerei-schpfer-xwb.de\/cms\/leistungen\/balkone\/\">Balkone<\/a><\/li>\n<li class=\"menu-item-67\"><a title=\"Fassaden\" href=\"http:\/\/www.xn--zimmerei-schpfer-xwb.de\/cms\/leistungen\/fassaden\/\">Fassaden<\/a><\/li>\n<li class=\"menu-item-71\"><a title=\"Terrassen\" href=\"http:\/\/www.xn--zimmerei-schpfer-xwb.de\/cms\/leistungen\/terrassen\/\">Terrassen<\/a><\/li>\n<li class=\"menu-item-70\"><a title=\"Sonstige Holzarbeiten an Haus und Grund\" href=\"http:\/\/www.xn--zimmerei-schpfer-xwb.de\/cms\/leistungen\/sonstige-holzarbeiten-an-haus-und-grund\/\">Sonstige Holzarbeiten<\/a><\/li>\n<li class=\"menu-item-69\"><a title=\"Mobilkran\" href=\"http:\/\/www.xn--zimmerei-schpfer-xwb.de\/cms\/leistungen\/mobilkran\/\">Mobilkran<\/a><\/li>\n<li class=\"menu-item-66\"><a title=\"Energieausweise\" href=\"http:\/\/www.xn--zimmerei-schpfer-xwb.de\/cms\/leistungen\/energieausweise\/\">Energieausweise<\/a><\/li>\n<\/ul>\n<p>&nbsp;<\/p>\n<p>&nbsp;<\/p>\n<\/td>\n<\/tr>\n<\/tbody>\n<\/table>\n<p>&nbsp;<\/p>\n","protected":false},"excerpt":{"rendered":"<p>\u00a0 &nbsp; W\u00e4hlen Sie bitte aus unseren nachfoglenden Leistungsangeboten, Ihre gew\u00fcnschte Rubrik aus: Dachsanierungen Dachst\u00fchle und Neubauten Landwirtschaftliche Geb\u00e4ude Carports Balkone Fassaden Terrassen Sonstige Holzarbeiten Mobilkran Energieausweise &nbsp; &nbsp; &nbsp;<\/p>\n","protected":false},"author":1,"featured_media":0,"parent":0,"menu_order":0,"comment_status":"closed","ping_status":"closed","template":"","meta":[],"_links":{"self":[{"href":"http:\/\/www.xn--zimmerei-schpfer-xwb.de\/cms\/wp-json\/wp\/v2\/pages\/25"}],"collection":[{"href":"http:\/\/www.xn--zimmerei-schpfer-xwb.de\/cms\/wp-json\/wp\/v2\/pages"}],"about":[{"href":"http:\/\/www.xn--zimmerei-schpfer-xwb.de\/cms\/wp-json\/wp\/v2\/types\/page"}],"author":[{"embeddable":true,"href":"http:\/\/www.xn--zimmerei-schpfer-xwb.de\/cms\/wp-json\/wp\/v2\/users\/1"}],"replies":[{"embeddable":true,"href":"http:\/\/www.xn--zimmerei-schpfer-xwb.de\/cms\/wp-json\/wp\/v2\/comments?post=25"}],"version-history":[{"count":7,"href":"http:\/\/www.xn--zimmerei-schpfer-xwb.de\/cms\/wp-json\/wp\/v2\/pages\/25\/revisions"}],"predecessor-version":[{"id":276,"href":"http:\/\/www.xn--zimmerei-schpfer-xwb.de\/cms\/wp-json\/wp\/v2\/pages\/25\/revisions\/276"}],"wp:attachment":[{"href":"http:\/\/www.xn--zimmerei-schpfer-xwb.de\/cms\/wp-json\/wp\/v2\/media?parent=25"}],"curies":[{"name":"wp","href":"https:\/\/api.w.org\/{rel}","templated":true}]}}