{"id":23,"date":"2015-02-06T14:28:50","date_gmt":"2015-02-06T12:28:50","guid":{"rendered":"http:\/\/www.xn--zimmerei-schpfer-xwb.de\/cms\/?page_id=23"},"modified":"2015-02-16T19:25:10","modified_gmt":"2015-02-16T17:25:10","slug":"wir-ueber-uns","status":"publish","type":"page","link":"http:\/\/www.xn--zimmerei-schpfer-xwb.de\/cms\/wir-ueber-uns\/","title":{"rendered":"Wir \u00fcber uns"},"content":{"rendered":"<table class=\" alignleft\" style=\"width: 100%;\" border=\"0\" cellspacing=\"8\" cellpadding=\"8\">\n<tbody>\n<tr>\n<td>\n<p style=\"text-align: center;\"><div id=\"metaslider-id-80\" style=\"width: 100%; margin: 0 auto;\" class=\"ml-slider-3-18-9 metaslider metaslider-flex metaslider-80 ml-slider nav-hidden\">\n    <div id=\"metaslider_container_80\">\n        <div id=\"metaslider_80\">\n            <ul aria-live=\"polite\" class=\"slides\">\n                <li style=\"display: block; width: 100%;\" class=\"slide-105 ms-image\"><img src=\"http:\/\/www.xn--zimmerei-schpfer-xwb.de\/cms\/wp-content\/uploads\/2015\/02\/zimmerei_schoepfer_slider_07-1000x350.jpg\" height=\"350\" width=\"1000\" alt=\"\" class=\"slider-80 slide-105\" \/><\/li>\n                <li style=\"display: none; width: 100%;\" class=\"slide-101 ms-image\"><img src=\"http:\/\/www.xn--zimmerei-schpfer-xwb.de\/cms\/wp-content\/uploads\/2015\/02\/zimmerei_schoepfer_slider_03-1000x350.jpg\" height=\"350\" width=\"1000\" alt=\"\" class=\"slider-80 slide-101\" \/><\/li>\n                <li style=\"display: none; width: 100%;\" class=\"slide-103 ms-image\"><img src=\"http:\/\/www.xn--zimmerei-schpfer-xwb.de\/cms\/wp-content\/uploads\/2015\/02\/zimmerei_schoepfer_slider_05-1000x350.jpg\" height=\"350\" width=\"1000\" alt=\"\" class=\"slider-80 slide-103\" \/><\/li>\n                <li style=\"display: none; width: 100%;\" class=\"slide-100 ms-image\"><img src=\"http:\/\/www.xn--zimmerei-schpfer-xwb.de\/cms\/wp-content\/uploads\/2015\/02\/zimmerei_schoepfer_slider_02-1000x350.jpg\" height=\"350\" width=\"1000\" alt=\"\" class=\"slider-80 slide-100\" \/><\/li>\n                <li style=\"display: none; width: 100%;\" class=\"slide-99 ms-image\"><img src=\"http:\/\/www.xn--zimmerei-schpfer-xwb.de\/cms\/wp-content\/uploads\/2015\/02\/zimmerei_schoepfer_slider_01_02-1000x350.jpg\" height=\"350\" width=\"1000\" alt=\"\" class=\"slider-80 slide-99\" \/><\/li>\n                <li style=\"display: none; width: 100%;\" class=\"slide-98 ms-image\"><img src=\"http:\/\/www.xn--zimmerei-schpfer-xwb.de\/cms\/wp-content\/uploads\/2015\/02\/zimmerei_schoepfer_slider_01-1000x350.jpg\" height=\"350\" width=\"1000\" alt=\"\" class=\"slider-80 slide-98\" \/><\/li>\n                <li style=\"display: none; width: 100%;\" class=\"slide-104 ms-image\"><img src=\"http:\/\/www.xn--zimmerei-schpfer-xwb.de\/cms\/wp-content\/uploads\/2015\/02\/zimmerei_schoepfer_slider_06-1000x350.jpg\" height=\"350\" width=\"1000\" alt=\"\" class=\"slider-80 slide-104\" \/><\/li>\n                <li style=\"display: none; width: 100%;\" class=\"slide-102 ms-image\"><img src=\"http:\/\/www.xn--zimmerei-schpfer-xwb.de\/cms\/wp-content\/uploads\/2015\/02\/zimmerei_schoepfer_slider_04-1000x350.jpg\" height=\"350\" width=\"1000\" alt=\"\" class=\"slider-80 slide-102\" \/><\/li>\n            <\/ul>\n        <\/div>\n        \n    <\/div>\n<\/div><\/p>\n<p>&nbsp;<\/p>\n<p>Seit 1949 besteht unser traditionell- und familiengef\u00fchrter Meisterbetrieb im Zimmererhandwerk. \u00a0<\/p>\n<p>Der Name Sch\u00f6pfer ist bei unseren gesch\u00e4tzten Kunden f\u00fcr Zuverl\u00e4ssigkeit, eine gewissenhafte Arbeitsweise und vorallem gro\u00dfe Leistungsbereitschaft bekannt. Dar\u00fcberhinaus garantieren stetige Weiterbildungen und die Liebe zu unserem Beruf, stets auf dem allerneuesten Stand des Zimmererhandwerks zu sein.<\/p>\n<p>1992 wurde zudem der Neubau unserer gr\u00f6\u00dferen Werkstatt mit Abbundhalle fertiggestellt, damit wir noch Leistungsf\u00e4higer f\u00fcr unsere Auftraggeber sein k\u00f6nnen!<\/p>\n<p>Am 1.1.2013 erfolgte die Betriebs\u00fcbernahme durch Andreas Sch\u00f6pfer jun. Zimmermeister und Bautechniker, Energieberater (HWK), somit wird unser Handwerksbetrieb nun mehr in der dritten Generation erfolgreich weitergef\u00fchrt.<\/p>\n<p>F\u00fcr n\u00e4hrere Fragen zu uns, nehmen Sie einfach <a title=\"Kontakt\" href=\"http:\/\/www.xn--zimmerei-schpfer-xwb.de\/cms\/kontakt\/\">Kontakt<\/a> mit uns auf.<\/p>\n<\/td>\n<\/tr>\n<\/tbody>\n<\/table>\n<p>&nbsp;<\/p>\n","protected":false},"excerpt":{"rendered":"<p>&nbsp; Seit 1949 besteht unser traditionell- und familiengef\u00fchrter Meisterbetrieb im Zimmererhandwerk. \u00a0 Der Name Sch\u00f6pfer ist bei unseren gesch\u00e4tzten Kunden f\u00fcr Zuverl\u00e4ssigkeit, eine gewissenhafte Arbeitsweise und vorallem gro\u00dfe Leistungsbereitschaft bekannt. Dar\u00fcberhinaus garantieren stetige Weiterbildungen und die Liebe zu unserem Beruf, stets auf dem allerneuesten Stand des Zimmererhandwerks zu sein. 1992 wurde zudem der Neubau unserer [&hellip;]<\/p>\n","protected":false},"author":1,"featured_media":0,"parent":0,"menu_order":0,"comment_status":"closed","ping_status":"closed","template":"","meta":[],"_links":{"self":[{"href":"http:\/\/www.xn--zimmerei-schpfer-xwb.de\/cms\/wp-json\/wp\/v2\/pages\/23"}],"collection":[{"href":"http:\/\/www.xn--zimmerei-schpfer-xwb.de\/cms\/wp-json\/wp\/v2\/pages"}],"about":[{"href":"http:\/\/www.xn--zimmerei-schpfer-xwb.de\/cms\/wp-json\/wp\/v2\/types\/page"}],"author":[{"embeddable":true,"href":"http:\/\/www.xn--zimmerei-schpfer-xwb.de\/cms\/wp-json\/wp\/v2\/users\/1"}],"replies":[{"embeddable":true,"href":"http:\/\/www.xn--zimmerei-schpfer-xwb.de\/cms\/wp-json\/wp\/v2\/comments?post=23"}],"version-history":[{"count":6,"href":"http:\/\/www.xn--zimmerei-schpfer-xwb.de\/cms\/wp-json\/wp\/v2\/pages\/23\/revisions"}],"predecessor-version":[{"id":257,"href":"http:\/\/www.xn--zimmerei-schpfer-xwb.de\/cms\/wp-json\/wp\/v2\/pages\/23\/revisions\/257"}],"wp:attachment":[{"href":"http:\/\/www.xn--zimmerei-schpfer-xwb.de\/cms\/wp-json\/wp\/v2\/media?parent=23"}],"curies":[{"name":"wp","href":"https:\/\/api.w.org\/{rel}","templated":true}]}}