{"id":15,"date":"2015-02-06T14:25:00","date_gmt":"2015-02-06T12:25:00","guid":{"rendered":"http:\/\/www.xn--zimmerei-schpfer-xwb.de\/cms\/?page_id=15"},"modified":"2015-02-09T18:42:02","modified_gmt":"2015-02-09T16:42:02","slug":"impressum","status":"publish","type":"page","link":"http:\/\/www.xn--zimmerei-schpfer-xwb.de\/cms\/impressum\/","title":{"rendered":"Impressum"},"content":{"rendered":"<p>&nbsp;<\/p>\n<table class=\" alignleft\" style=\"width: 100%;\" border=\"0\" cellspacing=\"8\" cellpadding=\"8\">\n<tbody>\n<tr>\n<td>Verantwortlicher Herausgeber und Contentverwalter dieser Homepage:<\/p>\n<p>&nbsp;<\/p>\n<p><strong>Zimmerei Andreas Sch\u00f6pfer<\/strong> <strong>GmbH<\/strong><br \/>Zimmermeister &amp; staatl. gepr. Bautechniker<\/p>\n<p>Schaftlacher Stra\u00dfe 24 <br \/>83703 Gmund\/Moosrain<\/p>\n<p>Telefon 08021 \/428 <br \/>Telefax 08021 \/ 1375<\/p>\n<p><a href=\"mailto:schoepfers@t-online.de\">schoepfers(at)t-online.de<\/a> <br \/>www.zimmerei-sch\u00f6pfer.de<\/p>\n<p>Gesch\u00e4ftsf\u00fchrer: Andreas Sch\u00f6pfer<br \/>USt. ldN r.: DE21 3294477<\/p>\n<p>Amtsgericht M\u00fcnchen: HRB Nr.135 316 <br \/>Firmensitz: 83703 Gmund\/Moosrain<\/p>\n<p>\u00a0<br \/>Haftungsausschluss:<\/p>\n<p>Die auf den Internetseiten zur verf\u00fcgung gestellten Informationen, werden von uns regelm\u00e4\u00dfig aktualisiert und auf Richtigkeit gepr\u00fcft. Trotz gr\u00f6\u00dftm\u00f6glicher Sorgfalt kann es passieren, dass sich bestimmte Informationen in der Zwischenzeit ge\u00e4ndert haben. Daher ist eine Haftung oder Garantie f\u00fcr die Richtigkeit, Vollst\u00e4ndigkeit und Aktualit\u00e4t der Informationen seitens von der Zimmerei Andreas Sch\u00f6pfer nicht m\u00f6glich.<\/p>\n<p>Der Haftungsausschluss betrifft auch alle Inhalte auf Websites, die \u00fcber einen Hyperlink mit der Webseite von der Zimmerei Andreas Sch\u00f6pfer verbunden sind. Wir distanzieren uns ausdr\u00fccklich von den Inhalten aller gelinkten Seiten. Dies gilt f\u00fcr alle auf der Homepage angezeigten Links. F\u00fcr Inhalt und Gestaltung der verlinkten Seiten sind ausschlie\u00dflich deren Betreiber verantwortlich.<\/p>\n<p>Trotz regelm\u00e4\u00dfiger Aktualisierungen wird keine Haftung oder Garantie f\u00fcr die Aktualit\u00e4t, Richtigkeit und Vollst\u00e4ndigkeit der zur Verf\u00fcgung gestellten Informationen auf dieser Webseite \u00fcbernommen.<\/p>\n<p>&nbsp;<\/p>\n<p>Urheberrecht:<\/p>\n<p>Die durch die Seitenbetreiber erstellten Inhalte und Werke auf diesen Seiten unterliegen dem deutschen Urheberrecht. Die Vervielf\u00e4ltigung, Bearbeitung, Verbreitung und jede Art der Verwertung au\u00dferhalb der Grenzen des Urheberrechtes bed\u00fcrfen der schriftlichen Zustimmung des jeweiligen Autors bzw. Erstellers. Downloads und Kopien dieser Seite sind nur f\u00fcr den privaten, nicht kommerziellen Gebrauch gestattet.<\/p>\n<p>Soweit die Inhalte auf dieser Seite nicht vom Betreiber erstellt wurden, werden die Urheberrechte Dritter beachtet. Insbesondere werden Inhalte Dritter als solche gekennzeichnet. Sollten Sie trotzdem auf eine Urheberrechtsverletzung aufmerksam werden, bitten wir um einen entsprechenden Hinweis. Bei bekanntwerden von Rechtsverletzungen, werden wir derartige Inhalte umgehend entfernen.<\/p>\n<p>&nbsp;<\/p>\n<p>Contentverwaltung dieser Webseite: <a href=\"mailto:schoepfers@t-online.de\">Zimmerei Andreas Sch\u00f6pfer<\/a><\/p>\n<p>Realisierung und Support: <a href=\"http:\/\/www.gruber-md.de\" target=\"_blank\">Gruber Mediendesign<\/a><br \/>\u00a0<\/p>\n<\/td>\n<\/tr>\n<\/tbody>\n<\/table>\n<p>&nbsp;<\/p>\n","protected":false},"excerpt":{"rendered":"<p>&nbsp; Verantwortlicher Herausgeber und Contentverwalter dieser Homepage: &nbsp; Zimmerei Andreas Sch\u00f6pfer GmbHZimmermeister &amp; staatl. gepr. Bautechniker Schaftlacher Stra\u00dfe 24 83703 Gmund\/Moosrain Telefon 08021 \/428 Telefax 08021 \/ 1375 schoepfers(at)t-online.de www.zimmerei-sch\u00f6pfer.de Gesch\u00e4ftsf\u00fchrer: Andreas Sch\u00f6pferUSt. ldN r.: DE21 3294477 Amtsgericht M\u00fcnchen: HRB Nr.135 316 Firmensitz: 83703 Gmund\/Moosrain \u00a0Haftungsausschluss: Die auf den Internetseiten zur verf\u00fcgung gestellten Informationen, werden [&hellip;]<\/p>\n","protected":false},"author":1,"featured_media":0,"parent":0,"menu_order":0,"comment_status":"closed","ping_status":"closed","template":"","meta":[],"_links":{"self":[{"href":"http:\/\/www.xn--zimmerei-schpfer-xwb.de\/cms\/wp-json\/wp\/v2\/pages\/15"}],"collection":[{"href":"http:\/\/www.xn--zimmerei-schpfer-xwb.de\/cms\/wp-json\/wp\/v2\/pages"}],"about":[{"href":"http:\/\/www.xn--zimmerei-schpfer-xwb.de\/cms\/wp-json\/wp\/v2\/types\/page"}],"author":[{"embeddable":true,"href":"http:\/\/www.xn--zimmerei-schpfer-xwb.de\/cms\/wp-json\/wp\/v2\/users\/1"}],"replies":[{"embeddable":true,"href":"http:\/\/www.xn--zimmerei-schpfer-xwb.de\/cms\/wp-json\/wp\/v2\/comments?post=15"}],"version-history":[{"count":6,"href":"http:\/\/www.xn--zimmerei-schpfer-xwb.de\/cms\/wp-json\/wp\/v2\/pages\/15\/revisions"}],"predecessor-version":[{"id":243,"href":"http:\/\/www.xn--zimmerei-schpfer-xwb.de\/cms\/wp-json\/wp\/v2\/pages\/15\/revisions\/243"}],"wp:attachment":[{"href":"http:\/\/www.xn--zimmerei-schpfer-xwb.de\/cms\/wp-json\/wp\/v2\/media?parent=15"}],"curies":[{"name":"wp","href":"https:\/\/api.w.org\/{rel}","templated":true}]}}